{"id":2,"date":"2016-05-10T03:48:21","date_gmt":"2016-05-10T03:48:21","guid":{"rendered":"http:\/\/wormuthimmobilien.de\/?page_id=2"},"modified":"2020-03-10T12:28:44","modified_gmt":"2020-03-10T12:28:44","slug":"sample-page","status":"publish","type":"page","link":"https:\/\/wormuthimmobilien.de\/","title":{"rendered":"Welcome"},"content":{"rendered":"\n<h2 class=\"wp-block-heading\">Demn\u00e4chst<\/h2>\n\n\n\n<p>Die Seite www.wormuthimmmobilien.de wird gerade vollst\u00e4ndig \u00fcberarbeitet.  Bis zur Fertigstellung sind wir gerne wie gewohnt per Mail  (info@wormuthimmobilien.de) und Telefon +49 (0) 173 239 84 78 f\u00fcr Sie erreichbar.<\/p>\n\n\n\n<h2 class=\"wp-block-heading\">\nComing soon.\n\n<\/h2>\n\n\n\n<p>The site www.wormuthimmmobilien.de is currently being completely redesigned. Until the completion we are gladly as usual by Mail (info@wormuthimmobilien.de) and telephone +49 (0) 173 239 84 78 for you available. <\/p>\n","protected":false},"excerpt":{"rendered":"<p>Demn\u00e4chst Die Seite www.wormuthimmmobilien.de wird gerade vollst\u00e4ndig \u00fcberarbeitet. Bis zur Fertigstellung sind wir gerne wie gewohnt per Mail (info@wormuthimmobilien.de) und Telefon +49 (0) 173 239 84 78 f\u00fcr Sie erreichbar. Coming soon. The site www.wormuthimmmobilien.de is currently being completely redesigned. Until the completion we are gladly as usual by Mail (info@wormuthimmobilien.de) and telephone +49 (0) &hellip; <\/p>\n<p class=\"link-more\"><a href=\"https:\/\/wormuthimmobilien.de\/\" class=\"more-link\"><span class=\"screen-reader-text\">\u201eWelcome\u201c <\/span>weiterlesen<\/a><\/p>\n","protected":false},"author":1,"featured_media":0,"parent":0,"menu_order":0,"comment_status":"closed","ping_status":"closed","template":"","meta":{"footnotes":""},"class_list":["post-2","page","type-page","status-publish","hentry"],"_links":{"self":[{"href":"https:\/\/wormuthimmobilien.de\/index.php?rest_route=\/wp\/v2\/pages\/2","targetHints":{"allow":["GET"]}}],"collection":[{"href":"https:\/\/wormuthimmobilien.de\/index.php?rest_route=\/wp\/v2\/pages"}],"about":[{"href":"https:\/\/wormuthimmobilien.de\/index.php?rest_route=\/wp\/v2\/types\/page"}],"author":[{"embeddable":true,"href":"https:\/\/wormuthimmobilien.de\/index.php?rest_route=\/wp\/v2\/users\/1"}],"replies":[{"embeddable":true,"href":"https:\/\/wormuthimmobilien.de\/index.php?rest_route=%2Fwp%2Fv2%2Fcomments&post=2"}],"version-history":[{"count":16,"href":"https:\/\/wormuthimmobilien.de\/index.php?rest_route=\/wp\/v2\/pages\/2\/revisions"}],"predecessor-version":[{"id":232,"href":"https:\/\/wormuthimmobilien.de\/index.php?rest_route=\/wp\/v2\/pages\/2\/revisions\/232"}],"wp:attachment":[{"href":"https:\/\/wormuthimmobilien.de\/index.php?rest_route=%2Fwp%2Fv2%2Fmedia&parent=2"}],"curies":[{"name":"wp","href":"https:\/\/api.w.org\/{rel}","templated":true}]}}